{"id":111,"date":"2014-08-21T19:55:18","date_gmt":"2014-08-21T17:55:18","guid":{"rendered":"http:\/\/brennholz-welt-franken.de\/?page_id=111"},"modified":"2026-04-03T11:40:39","modified_gmt":"2026-04-03T09:40:39","slug":"lieferung","status":"publish","type":"page","link":"https:\/\/brennholz-welt-franken.de\/?page_id=111","title":{"rendered":"Lieferung"},"content":{"rendered":"<h2><span style=\"color: #993300;\">\u00a0<\/span><\/h2>\n<p>Wir beliefern Kunden im Umkreis von maximal 60 Kilometer\u00a0 einfache Strecke von unserem Firmensitz aus. Also quasi von N\u00fcrnberg bis W\u00fcrzburg und von Ansbach bis Bamberg.<\/p>\n<p>Die Liefermenge pro Anfahrt liegt zwischen 2 bis maximal 6 Sch\u00fcttraummeter (SRM).<\/p>\n<p><strong><span style=\"color: #993300;\">Lieferpreis inklusive Mehrwertsteuer<\/span><\/strong><\/p>\n<ul>\n<li>2-3 Sch\u00fcttraummeter pro gefahrenen Kilometer \u00a0 1,60\u20ac<\/li>\n<li>4-6 Sch\u00fcttraummeter pro gefahrenen Kilometer\u00a0\u00a0 1,20\u20ac<\/li>\n<\/ul>\n<p>Um gr\u00f6\u00dftm\u00f6gliche Transparenz zu gew\u00e4hrleisten, rechnen wir ausschlie\u00dflich in Sch\u00fcttraummeter. Durch diese Ma\u00dfeinheit ist es f\u00fcr Sie m\u00f6glich, die bestellte Menge vor Ort auf dem Anh\u00e4nger selbst zu kontrollieren.<\/p>\n<p>Wir liefern mit\u00a0 gro\u00dffl\u00e4chigen Anh\u00e4ngern.<a href=\"https:\/\/brennholz-welt-franken.de\/wp-content\/uploads\/2014\/08\/Anhaenger.jpg\"><img loading=\"lazy\" decoding=\"async\" class=\"alignright size-medium wp-image-127\" src=\"https:\/\/brennholz-welt-franken.de\/wp-content\/uploads\/2014\/08\/Anhaenger-300x199.jpg\" alt=\"Anhaenger\" width=\"300\" height=\"199\" srcset=\"https:\/\/brennholz-welt-franken.de\/wp-content\/uploads\/2014\/08\/Anhaenger-300x199.jpg 300w, https:\/\/brennholz-welt-franken.de\/wp-content\/uploads\/2014\/08\/Anhaenger.jpg 400w\" sizes=\"auto, (max-width: 300px) 100vw, 300px\" \/><\/a> (Kipper oder Autoanh\u00e4nger)<br \/>\nIhr Vorteil dabei; Sie bekommen mehr Holz pro Sch\u00fcttraummeter als bei<br \/>\ng\u00e4ngigen 1- Kubikmeterk\u00e4figen und einer Scheitl\u00e4nge von 33cm. Wir haben 28cm Scheite. Diese legen sich besser aus und somit<br \/>\nentstehen weniger Zwischenr\u00e4ume.<\/p>\n<p>&nbsp;<\/p>\n<p><a href=\"https:\/\/brennholz-welt-franken.de\/wp-content\/uploads\/2014\/08\/Anh\u00e4nger.jpg\"><img loading=\"lazy\" decoding=\"async\" class=\"alignnone size-medium wp-image-281\" src=\"https:\/\/brennholz-welt-franken.de\/wp-content\/uploads\/2014\/08\/Anh\u00e4nger-300x208.jpg\" alt=\"Anh\u00e4nger\" width=\"300\" height=\"208\" srcset=\"https:\/\/brennholz-welt-franken.de\/wp-content\/uploads\/2014\/08\/Anh\u00e4nger-300x208.jpg 300w, https:\/\/brennholz-welt-franken.de\/wp-content\/uploads\/2014\/08\/Anh\u00e4nger-1024x712.jpg 1024w\" sizes=\"auto, (max-width: 300px) 100vw, 300px\" \/><\/a><\/p>\n","protected":false},"excerpt":{"rendered":"<p>\u00a0 Wir beliefern Kunden im Umkreis von maximal 60 Kilometer\u00a0 einfache Strecke von unserem Firmensitz aus. Also quasi von N\u00fcrnberg bis W\u00fcrzburg und von Ansbach bis Bamberg. Die Liefermenge pro Anfahrt liegt zwischen 2 bis maximal 6 Sch\u00fcttraummeter (SRM). Lieferpreis &hellip; <a href=\"https:\/\/brennholz-welt-franken.de\/?page_id=111\">Weiterlesen <span class=\"meta-nav\">&rarr;<\/span><\/a><\/p>\n","protected":false},"author":1,"featured_media":0,"parent":0,"menu_order":0,"comment_status":"closed","ping_status":"open","template":"","meta":{"footnotes":""},"class_list":["post-111","page","type-page","status-publish","hentry"],"_links":{"self":[{"href":"https:\/\/brennholz-welt-franken.de\/index.php?rest_route=\/wp\/v2\/pages\/111","targetHints":{"allow":["GET"]}}],"collection":[{"href":"https:\/\/brennholz-welt-franken.de\/index.php?rest_route=\/wp\/v2\/pages"}],"about":[{"href":"https:\/\/brennholz-welt-franken.de\/index.php?rest_route=\/wp\/v2\/types\/page"}],"author":[{"embeddable":true,"href":"https:\/\/brennholz-welt-franken.de\/index.php?rest_route=\/wp\/v2\/users\/1"}],"replies":[{"embeddable":true,"href":"https:\/\/brennholz-welt-franken.de\/index.php?rest_route=%2Fwp%2Fv2%2Fcomments&post=111"}],"version-history":[{"count":53,"href":"https:\/\/brennholz-welt-franken.de\/index.php?rest_route=\/wp\/v2\/pages\/111\/revisions"}],"predecessor-version":[{"id":1414,"href":"https:\/\/brennholz-welt-franken.de\/index.php?rest_route=\/wp\/v2\/pages\/111\/revisions\/1414"}],"wp:attachment":[{"href":"https:\/\/brennholz-welt-franken.de\/index.php?rest_route=%2Fwp%2Fv2%2Fmedia&parent=111"}],"curies":[{"name":"wp","href":"https:\/\/api.w.org\/{rel}","templated":true}]}}