{"id":114,"date":"2014-08-21T20:10:32","date_gmt":"2014-08-21T18:10:32","guid":{"rendered":"http:\/\/brennholz-welt-franken.de\/?page_id=114"},"modified":"2025-09-19T15:33:05","modified_gmt":"2025-09-19T13:33:05","slug":"unsere-vorteile","status":"publish","type":"page","link":"https:\/\/brennholz-welt-franken.de\/?page_id=114","title":{"rendered":"Kundenvorteile"},"content":{"rendered":"<h2><span style=\"color: #993300;\">Warum Produkte bei Brennholz-Welt-Franken kaufen?<\/span><\/h2>\n<ul>\n<li><span style=\"color: #000000;\"><span style=\"color: #000000;\"><span style=\"color: #000000;\"><span style=\"color: #000000;\"><span style=\"color: #000000;\">GRATISPROBEN: Wir bieten jedem Interessenten an, in einem von uns gestellten Papiersack,\u00a0 Brennholz kostenlos aus unserer Lagerhalle mitnehmen und ausprobieren, somit kein kostenbehaftetes Risiko mindere Qualit\u00e4t zu erwerben<\/span><\/span><\/span><\/span><\/span><\/li>\n<\/ul>\n<h6><\/h6>\n<ul>\n<li><span style=\"color: #000000;\"><span style=\"color: #000000;\"><span style=\"color: #000000;\"><span style=\"color: #000000;\">Kurze, umweltschonende Transportwege des Rohmaterials (ausschliesslich Holz aus fr\u00e4nkischen W\u00e4ldern)<\/span><\/span><\/span><\/span><span style=\"color: #000000;\"><span style=\"color: #000000;\"><span style=\"color: #000000;\"><img loading=\"lazy\" decoding=\"async\" class=\"wp-image-1225 aligncenter\" src=\"https:\/\/brennholz-welt-franken.de\/wp-content\/uploads\/2025\/09\/St\u00e4mme-scaled.jpg\" alt=\"\" width=\"325\" height=\"179\" srcset=\"https:\/\/brennholz-welt-franken.de\/wp-content\/uploads\/2025\/09\/St\u00e4mme-scaled.jpg 2560w, https:\/\/brennholz-welt-franken.de\/wp-content\/uploads\/2025\/09\/St\u00e4mme-300x165.jpg 300w, https:\/\/brennholz-welt-franken.de\/wp-content\/uploads\/2025\/09\/St\u00e4mme-1024x563.jpg 1024w, https:\/\/brennholz-welt-franken.de\/wp-content\/uploads\/2025\/09\/St\u00e4mme-768x423.jpg 768w, https:\/\/brennholz-welt-franken.de\/wp-content\/uploads\/2025\/09\/St\u00e4mme-1536x845.jpg 1536w, https:\/\/brennholz-welt-franken.de\/wp-content\/uploads\/2025\/09\/St\u00e4mme-2048x1127.jpg 2048w\" sizes=\"auto, (max-width: 325px) 100vw, 325px\" \/><\/span><\/span><\/span><\/li>\n<li>Kosteng\u00fcnstige und umweltfreundliche Produktion durch solargespeisten und kraftvollen Elektromotor<\/li>\n<\/ul>\n<h6><\/h6>\n<ul>\n<li><span style=\"color: #000000;\"><span style=\"color: #000000;\"><span style=\"color: #000000;\"><span style=\"color: #000000;\"><span style=\"color: #000000;\"><span style=\"color: #000000;\">QUALIT\u00c4TSGARANTIE: Trocknung mittels ohnehin vorhandener \u00dcberschussw\u00e4rme einer Biogasanlage. Dadurch haben K\u00e4fer, Schimmel und Pilze keine Chance das Holz zu besiedeln. Ausserdem beh\u00e4lt das Holz durch das schockartige Trocknen und Einlagern noch noch Jahren seine Ursprungsqualit\u00e4t. Und das Beste; es muss keine Extraenergie prodziert werden. Frei nach dem Motto: Man nehme was sowieso da ist.<\/span><\/span><\/span><\/span><\/span><\/span><\/li>\n<\/ul>\n<h6><\/h6>\n<ul>\n<li>SAUBERES HOLZ: Wir lassen dass Brennholz direkt vorm Ausliefern \u00fcber unseren selbst entwickelten Kleinteilabscheider laufen. Somit bleibt kleines Anz\u00fcndholz erhalten, aber die unerw\u00fcnschten Schalenreste, Schmutz etc. werden aussortiert.<\/li>\n<\/ul>\n<p style=\"text-align: center;\"><a href=\"https:\/\/brennholz-welt-franken.de\/wp-content\/uploads\/2019\/05\/IMG_20190525_0722451.jpg\"><img loading=\"lazy\" decoding=\"async\" class=\"alignnone size-medium wp-image-611\" src=\"https:\/\/brennholz-welt-franken.de\/wp-content\/uploads\/2019\/05\/IMG_20190525_0722451-300x225.jpg\" alt=\"\" width=\"300\" height=\"225\" srcset=\"https:\/\/brennholz-welt-franken.de\/wp-content\/uploads\/2019\/05\/IMG_20190525_0722451-300x225.jpg 300w, https:\/\/brennholz-welt-franken.de\/wp-content\/uploads\/2019\/05\/IMG_20190525_0722451-768x576.jpg 768w, https:\/\/brennholz-welt-franken.de\/wp-content\/uploads\/2019\/05\/IMG_20190525_0722451-1024x768.jpg 1024w\" sizes=\"auto, (max-width: 300px) 100vw, 300px\" \/><\/a><\/p>\n<ul>\n<li><span style=\"color: #000000;\"><span style=\"color: #000000;\"><span style=\"color: #000000;\"><span style=\"color: #000000;\"><span style=\"color: #000000;\">LIEFERUNG: P\u00fcnktliche und kosteng\u00fcnstige Lieferung (Siehe unter \u201eTransport\u201c).<\/span><\/span><\/span><\/span><\/span><\/li>\n<\/ul>\n<h6><\/h6>\n<ul>\n<li><span style=\"color: #000000;\"><span style=\"color: #000000;\"><span style=\"color: #000000;\"><span style=\"color: #000000;\"><span style=\"color: #000000;\"><span style=\"color: #000000;\">BEZAHLUNG: Sie bekommen die Rechnung per E-Mail oder auf Wunsch bei Lieferung in Papierform, die Sie dann bequem \u00fcberweisen k\u00f6nnen. Es ist nicht n\u00f6tig den Betrag zu Hause als Bargeld vorzuhalten.<\/span><\/span><\/span><\/span><\/span><\/span><\/li>\n<\/ul>\n<h6><\/h6>\n<ul>\n<li><span style=\"color: #000000;\">KEINE LADEPAUSCHALE:<br \/>\n<\/span>Egal ob Sie einen oder sechs Sch\u00fcttraummeter geliefert haben m\u00f6chten, oder das Holz\u00a0 bei uns selbst abholen. Wir beladen stets ohne extra Entgelt.<\/li>\n<\/ul>\n<h6><\/h6>\n<ul>\n<li><span style=\"color: #000000;\"><span style=\"color: #000000;\"><span style=\"color: #000000;\"><span style=\"color: #000000;\">MENGE: Holzabmessung auf einem gro\u00dfvolumigen Anh\u00e4nger. Dadurch erhalten Sie mehr Holz als bei 1-Kubikmeter fassenden \u201eBrennholzk\u00e4figen\u201c. Zumal unsere Standartl\u00e4nge der Scheite bei 28 cm, nicht bei 33 cm liegt. Das macht bei<br \/>\n6 Sch\u00fcttraummeter gut einen halben Sch\u00fcttraummeter Brennholz mehr aus.<\/span><\/span><\/span><\/span><\/li>\n<\/ul>\n<h6><\/h6>\n<ul>\n<li>PRODUKTVIELFALT: Nat\u00fcrlich k\u00f6nnen wir Ihnen mehr als nur Brennholz anbieten.<\/li>\n<\/ul>\n<h6><\/h6>\n<ul>\n<li><span style=\"color: #000000;\"><span style=\"color: #000000;\"><span style=\"color: #000000;\">KOSTENSCHONEND: Aufgrund kostenschonender Holzproduktion genie\u00dfen Sie einen dauerhaft g\u00fcnstigen Brennholzpreis<\/span><\/span><\/span><\/li>\n<\/ul>\n<h6><\/h6>\n<ul>\n<li><span style=\"color: #000000;\">LIEFERZEITEN: Lieferung auch im Winter kurzfristig m\u00f6glich- wir produzieren\u00a0 ganzj\u00e4hrig und verf\u00fcgen \u00fcber eine volumin\u00f6se Lagerhalle<\/span><\/li>\n<\/ul>\n<p><img loading=\"lazy\" decoding=\"async\" class=\"wp-image-1228 aligncenter\" src=\"https:\/\/brennholz-welt-franken.de\/wp-content\/uploads\/2025\/09\/Holzlager-scaled.jpg\" alt=\"\" width=\"439\" height=\"244\" srcset=\"https:\/\/brennholz-welt-franken.de\/wp-content\/uploads\/2025\/09\/Holzlager-scaled.jpg 2560w, https:\/\/brennholz-welt-franken.de\/wp-content\/uploads\/2025\/09\/Holzlager-300x167.jpg 300w, https:\/\/brennholz-welt-franken.de\/wp-content\/uploads\/2025\/09\/Holzlager-1024x570.jpg 1024w, https:\/\/brennholz-welt-franken.de\/wp-content\/uploads\/2025\/09\/Holzlager-768x427.jpg 768w, https:\/\/brennholz-welt-franken.de\/wp-content\/uploads\/2025\/09\/Holzlager-1536x855.jpg 1536w, https:\/\/brennholz-welt-franken.de\/wp-content\/uploads\/2025\/09\/Holzlager-2048x1140.jpg 2048w\" sizes=\"auto, (max-width: 439px) 100vw, 439px\" \/><\/p>\n<ul>\n<li>WOHLF\u00dcHL-GARANTIE:<br \/>\nSie werden das Heizen mit Holz neu erleben.<\/li>\n<\/ul>\n","protected":false},"excerpt":{"rendered":"<p>Warum Produkte bei Brennholz-Welt-Franken kaufen? GRATISPROBEN: Wir bieten jedem Interessenten an, in einem von uns gestellten Papiersack,\u00a0 Brennholz kostenlos aus unserer Lagerhalle mitnehmen und ausprobieren, somit kein kostenbehaftetes Risiko mindere Qualit\u00e4t zu erwerben Kurze, umweltschonende Transportwege des Rohmaterials (ausschliesslich Holz &hellip; <a href=\"https:\/\/brennholz-welt-franken.de\/?page_id=114\">Weiterlesen <span class=\"meta-nav\">&rarr;<\/span><\/a><\/p>\n","protected":false},"author":1,"featured_media":0,"parent":0,"menu_order":0,"comment_status":"closed","ping_status":"open","template":"","meta":{"footnotes":""},"class_list":["post-114","page","type-page","status-publish","hentry"],"_links":{"self":[{"href":"https:\/\/brennholz-welt-franken.de\/index.php?rest_route=\/wp\/v2\/pages\/114","targetHints":{"allow":["GET"]}}],"collection":[{"href":"https:\/\/brennholz-welt-franken.de\/index.php?rest_route=\/wp\/v2\/pages"}],"about":[{"href":"https:\/\/brennholz-welt-franken.de\/index.php?rest_route=\/wp\/v2\/types\/page"}],"author":[{"embeddable":true,"href":"https:\/\/brennholz-welt-franken.de\/index.php?rest_route=\/wp\/v2\/users\/1"}],"replies":[{"embeddable":true,"href":"https:\/\/brennholz-welt-franken.de\/index.php?rest_route=%2Fwp%2Fv2%2Fcomments&post=114"}],"version-history":[{"count":58,"href":"https:\/\/brennholz-welt-franken.de\/index.php?rest_route=\/wp\/v2\/pages\/114\/revisions"}],"predecessor-version":[{"id":1233,"href":"https:\/\/brennholz-welt-franken.de\/index.php?rest_route=\/wp\/v2\/pages\/114\/revisions\/1233"}],"wp:attachment":[{"href":"https:\/\/brennholz-welt-franken.de\/index.php?rest_route=%2Fwp%2Fv2%2Fmedia&parent=114"}],"curies":[{"name":"wp","href":"https:\/\/api.w.org\/{rel}","templated":true}]}}