{"id":1188,"date":"2025-09-20T17:17:20","date_gmt":"2025-09-20T15:17:20","guid":{"rendered":"https:\/\/brennholz-welt-franken.de\/?page_id=1188"},"modified":"2025-09-21T13:52:27","modified_gmt":"2025-09-21T11:52:27","slug":"pias-hofladen","status":"publish","type":"page","link":"https:\/\/brennholz-welt-franken.de\/?page_id=1188","title":{"rendered":"Pia\u00b4s Hofladen"},"content":{"rendered":"<h2 style=\"text-align: center;\"><span style=\"color: #ff6600;\"><br \/>\nUNSER HOFLADEN MIT DEKORATION<br \/>\nAUS KERAMIK UND HOLZ<\/span><\/h2>\n<p>Als im Fr\u00fchjahr 2023 die Einzelteile eines <img loading=\"lazy\" decoding=\"async\" class=\"wp-image-1014 alignright\" src=\"https:\/\/brennholz-welt-franken.de\/wp-content\/uploads\/2023\/06\/DSC_0454-2-scaled.jpg\" alt=\"\" width=\"267\" height=\"357\" srcset=\"https:\/\/brennholz-welt-franken.de\/wp-content\/uploads\/2023\/06\/DSC_0454-2-scaled.jpg 1912w, https:\/\/brennholz-welt-franken.de\/wp-content\/uploads\/2023\/06\/DSC_0454-2-224x300.jpg 224w, https:\/\/brennholz-welt-franken.de\/wp-content\/uploads\/2023\/06\/DSC_0454-2-765x1024.jpg 765w, https:\/\/brennholz-welt-franken.de\/wp-content\/uploads\/2023\/06\/DSC_0454-2-768x1028.jpg 768w, https:\/\/brennholz-welt-franken.de\/wp-content\/uploads\/2023\/06\/DSC_0454-2-1147x1536.jpg 1147w, https:\/\/brennholz-welt-franken.de\/wp-content\/uploads\/2023\/06\/DSC_0454-2-1530x2048.jpg 1530w\" sizes=\"auto, (max-width: 267px) 100vw, 267px\" \/><br \/>\nkleinen H\u00e4uschens angeliefert wurden, dachte ich meine Frau h\u00e4tte meinen Wunsch erh\u00f6rt und<br \/>\nmir eine eigene kleine Kneipe gekauft. Als<br \/>\nG\u00fcnter und ich das H\u00e4uschen fieberhaft auf-<br \/>\ngebaut hatten, gestaltete es die Meinige als<br \/>\nIhren Hofladen.<\/p>\n<p>Ich selbst habe ihr zu einem ihrer verd\u00e4chtig<br \/>\nh\u00e4ufigen 29-sten Geburtstage einen T\u00f6pferkurs<br \/>\ngeschenkt. Aber da sieht man wieder:<br \/>\nMan kann nicht einmal mehr den trauen, die man selbst geheiratet hat&#8230;<\/p>\n<p>&#8222;Phantasie ist der Humor der Kreativit\u00e4t&#8220; sagt sie.<\/p>\n<p>So entstehen regelm\u00e4\u00dfig neue Figuren, Vogeltr\u00e4nken, Regenmesser usw., die so manchem ein Schmunzeln entlocken.<\/p>\n<p>Alle Werkst\u00fccke sind individuell gefertigt, glasiert und im eigenen Ofen gebrannt.<\/p>\n<p>Der Hofladen ist auch au\u00dferhalb unserer Gesch\u00e4ftszeiten ge\u00f6ffnet. Schaut doch einach mal vorbei.<\/p>\n<p><img loading=\"lazy\" decoding=\"async\" class=\"wp-image-1345 alignleft\" src=\"https:\/\/brennholz-welt-franken.de\/wp-content\/uploads\/2025\/09\/IMG_9711-scaled.jpeg\" alt=\"\" width=\"180\" height=\"169\" srcset=\"https:\/\/brennholz-welt-franken.de\/wp-content\/uploads\/2025\/09\/IMG_9711-scaled.jpeg 2560w, https:\/\/brennholz-welt-franken.de\/wp-content\/uploads\/2025\/09\/IMG_9711-300x282.jpeg 300w, https:\/\/brennholz-welt-franken.de\/wp-content\/uploads\/2025\/09\/IMG_9711-1024x961.jpeg 1024w, https:\/\/brennholz-welt-franken.de\/wp-content\/uploads\/2025\/09\/IMG_9711-768x721.jpeg 768w, https:\/\/brennholz-welt-franken.de\/wp-content\/uploads\/2025\/09\/IMG_9711-1536x1442.jpeg 1536w, https:\/\/brennholz-welt-franken.de\/wp-content\/uploads\/2025\/09\/IMG_9711-2048x1923.jpeg 2048w\" sizes=\"auto, (max-width: 180px) 100vw, 180px\" \/><\/p>\n<p><img loading=\"lazy\" decoding=\"async\" class=\" wp-image-1341 alignleft\" src=\"https:\/\/brennholz-welt-franken.de\/wp-content\/uploads\/2025\/09\/IMG_6833-scaled.jpeg\" alt=\"\" width=\"230\" height=\"172\" srcset=\"https:\/\/brennholz-welt-franken.de\/wp-content\/uploads\/2025\/09\/IMG_6833-scaled.jpeg 2560w, https:\/\/brennholz-welt-franken.de\/wp-content\/uploads\/2025\/09\/IMG_6833-300x225.jpeg 300w, https:\/\/brennholz-welt-franken.de\/wp-content\/uploads\/2025\/09\/IMG_6833-1024x768.jpeg 1024w, https:\/\/brennholz-welt-franken.de\/wp-content\/uploads\/2025\/09\/IMG_6833-768x576.jpeg 768w, https:\/\/brennholz-welt-franken.de\/wp-content\/uploads\/2025\/09\/IMG_6833-1536x1152.jpeg 1536w, https:\/\/brennholz-welt-franken.de\/wp-content\/uploads\/2025\/09\/IMG_6833-2048x1536.jpeg 2048w\" sizes=\"auto, (max-width: 230px) 100vw, 230px\" \/><\/p>\n<p>&nbsp;<\/p>\n<p>&nbsp;<\/p>\n<p><img loading=\"lazy\" decoding=\"async\" class=\"wp-image-1350 alignnone\" src=\"https:\/\/brennholz-welt-franken.de\/wp-content\/uploads\/2025\/09\/Schneemaenner-scaled.jpeg\" alt=\"\" width=\"252\" height=\"172\" srcset=\"https:\/\/brennholz-welt-franken.de\/wp-content\/uploads\/2025\/09\/Schneemaenner-scaled.jpeg 2560w, https:\/\/brennholz-welt-franken.de\/wp-content\/uploads\/2025\/09\/Schneemaenner-300x205.jpeg 300w, https:\/\/brennholz-welt-franken.de\/wp-content\/uploads\/2025\/09\/Schneemaenner-1024x699.jpeg 1024w, https:\/\/brennholz-welt-franken.de\/wp-content\/uploads\/2025\/09\/Schneemaenner-768x524.jpeg 768w, https:\/\/brennholz-welt-franken.de\/wp-content\/uploads\/2025\/09\/Schneemaenner-1536x1048.jpeg 1536w, https:\/\/brennholz-welt-franken.de\/wp-content\/uploads\/2025\/09\/Schneemaenner-2048x1398.jpeg 2048w\" sizes=\"auto, (max-width: 252px) 100vw, 252px\" \/><img loading=\"lazy\" decoding=\"async\" class=\"wp-image-1343 alignleft\" src=\"https:\/\/brennholz-welt-franken.de\/wp-content\/uploads\/2025\/09\/IMG_7946-scaled.jpeg\" alt=\"\" width=\"142\" height=\"166\" srcset=\"https:\/\/brennholz-welt-franken.de\/wp-content\/uploads\/2025\/09\/IMG_7946-scaled.jpeg 2195w, https:\/\/brennholz-welt-franken.de\/wp-content\/uploads\/2025\/09\/IMG_7946-257x300.jpeg 257w, https:\/\/brennholz-welt-franken.de\/wp-content\/uploads\/2025\/09\/IMG_7946-878x1024.jpeg 878w, https:\/\/brennholz-welt-franken.de\/wp-content\/uploads\/2025\/09\/IMG_7946-768x896.jpeg 768w, https:\/\/brennholz-welt-franken.de\/wp-content\/uploads\/2025\/09\/IMG_7946-1317x1536.jpeg 1317w, https:\/\/brennholz-welt-franken.de\/wp-content\/uploads\/2025\/09\/IMG_7946-1756x2048.jpeg 1756w\" sizes=\"auto, (max-width: 142px) 100vw, 142px\" \/><\/p>\n<p><img loading=\"lazy\" decoding=\"async\" class=\"wp-image-1340 alignleft\" src=\"https:\/\/brennholz-welt-franken.de\/wp-content\/uploads\/2025\/09\/IMG_6281-scaled.jpeg\" alt=\"\" width=\"213\" height=\"160\" srcset=\"https:\/\/brennholz-welt-franken.de\/wp-content\/uploads\/2025\/09\/IMG_6281-scaled.jpeg 2560w, https:\/\/brennholz-welt-franken.de\/wp-content\/uploads\/2025\/09\/IMG_6281-300x225.jpeg 300w, https:\/\/brennholz-welt-franken.de\/wp-content\/uploads\/2025\/09\/IMG_6281-1024x768.jpeg 1024w, https:\/\/brennholz-welt-franken.de\/wp-content\/uploads\/2025\/09\/IMG_6281-768x576.jpeg 768w, https:\/\/brennholz-welt-franken.de\/wp-content\/uploads\/2025\/09\/IMG_6281-1536x1152.jpeg 1536w, https:\/\/brennholz-welt-franken.de\/wp-content\/uploads\/2025\/09\/IMG_6281-2048x1536.jpeg 2048w\" sizes=\"auto, (max-width: 213px) 100vw, 213px\" \/><\/p>\n<p><img loading=\"lazy\" decoding=\"async\" class=\" wp-image-1349 alignleft\" src=\"https:\/\/brennholz-welt-franken.de\/wp-content\/uploads\/2025\/09\/Herzen-scaled.jpeg\" alt=\"\" width=\"215\" height=\"161\" srcset=\"https:\/\/brennholz-welt-franken.de\/wp-content\/uploads\/2025\/09\/Herzen-scaled.jpeg 2560w, https:\/\/brennholz-welt-franken.de\/wp-content\/uploads\/2025\/09\/Herzen-300x225.jpeg 300w, https:\/\/brennholz-welt-franken.de\/wp-content\/uploads\/2025\/09\/Herzen-1024x768.jpeg 1024w, https:\/\/brennholz-welt-franken.de\/wp-content\/uploads\/2025\/09\/Herzen-768x576.jpeg 768w, https:\/\/brennholz-welt-franken.de\/wp-content\/uploads\/2025\/09\/Herzen-1536x1152.jpeg 1536w, https:\/\/brennholz-welt-franken.de\/wp-content\/uploads\/2025\/09\/Herzen-2048x1536.jpeg 2048w\" sizes=\"auto, (max-width: 215px) 100vw, 215px\" \/><\/p>\n<p>&nbsp;<\/p>\n<p>&nbsp;<\/p>\n<p>&nbsp;<\/p>\n<p>&nbsp;<\/p>\n<p>Individuelle Geschenke f\u00fcr Geburtstag, Hochzeit, Taufe gibt es nat\u00fcrlich auch.<br \/>\nHier bitte rechtzeitig anfragen.<\/p>\n<p><img loading=\"lazy\" decoding=\"async\" class=\"wp-image-1348 alignnone\" src=\"https:\/\/brennholz-welt-franken.de\/wp-content\/uploads\/2025\/09\/IMG_9969.jpeg\" alt=\"\" width=\"176\" height=\"176\" srcset=\"https:\/\/brennholz-welt-franken.de\/wp-content\/uploads\/2025\/09\/IMG_9969.jpeg 1920w, https:\/\/brennholz-welt-franken.de\/wp-content\/uploads\/2025\/09\/IMG_9969-300x300.jpeg 300w, https:\/\/brennholz-welt-franken.de\/wp-content\/uploads\/2025\/09\/IMG_9969-1024x1024.jpeg 1024w, https:\/\/brennholz-welt-franken.de\/wp-content\/uploads\/2025\/09\/IMG_9969-150x150.jpeg 150w, https:\/\/brennholz-welt-franken.de\/wp-content\/uploads\/2025\/09\/IMG_9969-768x768.jpeg 768w, https:\/\/brennholz-welt-franken.de\/wp-content\/uploads\/2025\/09\/IMG_9969-1536x1536.jpeg 1536w\" sizes=\"auto, (max-width: 176px) 100vw, 176px\" \/><img loading=\"lazy\" decoding=\"async\" class=\" wp-image-1353 alignleft\" src=\"https:\/\/brennholz-welt-franken.de\/wp-content\/uploads\/2025\/09\/IMG_7085-scaled.jpeg\" alt=\"\" width=\"129\" height=\"172\" srcset=\"https:\/\/brennholz-welt-franken.de\/wp-content\/uploads\/2025\/09\/IMG_7085-scaled.jpeg 1920w, https:\/\/brennholz-welt-franken.de\/wp-content\/uploads\/2025\/09\/IMG_7085-225x300.jpeg 225w, https:\/\/brennholz-welt-franken.de\/wp-content\/uploads\/2025\/09\/IMG_7085-768x1024.jpeg 768w, https:\/\/brennholz-welt-franken.de\/wp-content\/uploads\/2025\/09\/IMG_7085-1152x1536.jpeg 1152w, https:\/\/brennholz-welt-franken.de\/wp-content\/uploads\/2025\/09\/IMG_7085-1536x2048.jpeg 1536w\" sizes=\"auto, (max-width: 129px) 100vw, 129px\" \/><img loading=\"lazy\" decoding=\"async\" class=\" wp-image-1352 alignleft\" src=\"https:\/\/brennholz-welt-franken.de\/wp-content\/uploads\/2025\/09\/IMG_6812-scaled.jpeg\" alt=\"\" width=\"229\" height=\"172\" srcset=\"https:\/\/brennholz-welt-franken.de\/wp-content\/uploads\/2025\/09\/IMG_6812-scaled.jpeg 2560w, https:\/\/brennholz-welt-franken.de\/wp-content\/uploads\/2025\/09\/IMG_6812-300x225.jpeg 300w, https:\/\/brennholz-welt-franken.de\/wp-content\/uploads\/2025\/09\/IMG_6812-1024x768.jpeg 1024w, https:\/\/brennholz-welt-franken.de\/wp-content\/uploads\/2025\/09\/IMG_6812-768x576.jpeg 768w, https:\/\/brennholz-welt-franken.de\/wp-content\/uploads\/2025\/09\/IMG_6812-1536x1152.jpeg 1536w, https:\/\/brennholz-welt-franken.de\/wp-content\/uploads\/2025\/09\/IMG_6812-2048x1536.jpeg 2048w\" sizes=\"auto, (max-width: 229px) 100vw, 229px\" \/><\/p>\n","protected":false},"excerpt":{"rendered":"<p>UNSER HOFLADEN MIT DEKORATION AUS KERAMIK UND HOLZ Als im Fr\u00fchjahr 2023 die Einzelteile eines kleinen H\u00e4uschens angeliefert wurden, dachte ich meine Frau h\u00e4tte meinen Wunsch erh\u00f6rt und mir eine eigene kleine Kneipe gekauft. Als G\u00fcnter und ich das H\u00e4uschen &hellip; <a href=\"https:\/\/brennholz-welt-franken.de\/?page_id=1188\">Weiterlesen <span class=\"meta-nav\">&rarr;<\/span><\/a><\/p>\n","protected":false},"author":2,"featured_media":0,"parent":0,"menu_order":0,"comment_status":"closed","ping_status":"closed","template":"","meta":{"footnotes":""},"class_list":["post-1188","page","type-page","status-publish","hentry"],"_links":{"self":[{"href":"https:\/\/brennholz-welt-franken.de\/index.php?rest_route=\/wp\/v2\/pages\/1188","targetHints":{"allow":["GET"]}}],"collection":[{"href":"https:\/\/brennholz-welt-franken.de\/index.php?rest_route=\/wp\/v2\/pages"}],"about":[{"href":"https:\/\/brennholz-welt-franken.de\/index.php?rest_route=\/wp\/v2\/types\/page"}],"author":[{"embeddable":true,"href":"https:\/\/brennholz-welt-franken.de\/index.php?rest_route=\/wp\/v2\/users\/2"}],"replies":[{"embeddable":true,"href":"https:\/\/brennholz-welt-franken.de\/index.php?rest_route=%2Fwp%2Fv2%2Fcomments&post=1188"}],"version-history":[{"count":15,"href":"https:\/\/brennholz-welt-franken.de\/index.php?rest_route=\/wp\/v2\/pages\/1188\/revisions"}],"predecessor-version":[{"id":1364,"href":"https:\/\/brennholz-welt-franken.de\/index.php?rest_route=\/wp\/v2\/pages\/1188\/revisions\/1364"}],"wp:attachment":[{"href":"https:\/\/brennholz-welt-franken.de\/index.php?rest_route=%2Fwp%2Fv2%2Fmedia&parent=1188"}],"curies":[{"name":"wp","href":"https:\/\/api.w.org\/{rel}","templated":true}]}}