{"id":58,"date":"2014-08-20T21:23:08","date_gmt":"2014-08-20T19:23:08","guid":{"rendered":"http:\/\/brennholz-welt-franken.de\/?page_id=58"},"modified":"2026-04-12T09:38:26","modified_gmt":"2026-04-12T07:38:26","slug":"ueber-uns","status":"publish","type":"page","link":"https:\/\/brennholz-welt-franken.de\/?page_id=58","title":{"rendered":"Aktuelles \/\/ \u00dcber uns"},"content":{"rendered":"<div class=\"content_item\">\n<h1><\/h1>\n<h1 style=\"text-align: center;\"><span style=\"color: #ff6600;\"><strong><span style=\"font-family: Arial, sans-serif; color: #ff6600;\">Herzlich willkommen bei <\/span><\/strong><\/span><\/h1>\n<h1 style=\"text-align: center;\"><span style=\"color: #ff6600;\"><strong><span style=\"font-family: Arial, sans-serif; color: #ff6600;\">Brennholz-Welt-Franken<\/span><\/strong><\/span><\/h1>\n<p>&nbsp;<\/p>\n<h1 style=\"text-align: left;\"><strong>Wir sind von <\/strong><strong>Montag bis Freitag<br \/>\n<\/strong><strong>von 8:00 &#8211; 17:00 Uhr\u00a0<\/strong><\/h1>\n<h2 style=\"text-align: left;\">f\u00fcr Sie quasi auf dem Holzweg. Begleiten Sie uns doch ein bi\u00dfchen. Sie werden Augen machen.<\/h2>\n<p>(Bitte immer erst einen Termin vereinbaren, bevor Sie uns besuchen. Wir sind viel unterwegs. Lieferungen\/Abholungen Samstags nur nach Absprache m\u00f6glich.)<\/p>\n<h1><span style=\"color: #ff6600;\"><strong><span style=\"font-family: Arial, sans-serif; color: #ff6600;\"><a href=\"https:\/\/brennholz-welt-franken.de\/wp-content\/uploads\/2023\/09\/image1-scaled.jpeg\"><img loading=\"lazy\" decoding=\"async\" class=\"wp-image-1057 aligncenter\" src=\"https:\/\/brennholz-welt-franken.de\/wp-content\/uploads\/2023\/09\/image1-1024x681.jpeg\" alt=\"\" width=\"478\" height=\"318\" srcset=\"https:\/\/brennholz-welt-franken.de\/wp-content\/uploads\/2023\/09\/image1-1024x681.jpeg 1024w, https:\/\/brennholz-welt-franken.de\/wp-content\/uploads\/2023\/09\/image1-300x200.jpeg 300w, https:\/\/brennholz-welt-franken.de\/wp-content\/uploads\/2023\/09\/image1-768x511.jpeg 768w, https:\/\/brennholz-welt-franken.de\/wp-content\/uploads\/2023\/09\/image1-1536x1022.jpeg 1536w, https:\/\/brennholz-welt-franken.de\/wp-content\/uploads\/2023\/09\/image1-2048x1363.jpeg 2048w\" sizes=\"auto, (max-width: 478px) 100vw, 478px\" \/><\/a><\/span><\/strong><\/span>Von links<\/h1>\n<\/div>\n<div class=\"content_item\">\n<h3><span style=\"color: #ff6600;\">Hermann Schaupensteiner<\/span>,\u00a0 Metallbauer und Konstrukteur<\/h3>\n<h3><span style=\"color: #ff6600;\">Pia Reiser<\/span>, Beraterin und B\u00fcrofachkraft<\/h3>\n<h3><span style=\"color: #ff6600;\">Udo Reiser<\/span>, Inhaber und Lieferant<\/h3>\n<h3><span style=\"color: #ff6600;\">Luisa Reiser<\/span>, unser ganzer Stolz<\/h3>\n<h3><span style=\"color: #ff6600;\">G\u00fcnter Bierlein<\/span>, gute Seele, Brennholzproduzent im wohlverdienten Ruhestand<\/h3>\n<hr \/>\n<h1><span style=\"color: #000000;\"><strong>WICHTIGES UND AKTUELL<\/strong><\/span><\/h1>\n<\/div>\n<hr \/>\n<div class=\"content_item\">\n<h1 style=\"text-align: center;\"><span style=\"color: #ff6600;\"><strong>Status quo:<\/strong><\/span><\/h1>\n<\/div>\n<h2><strong>Der Grundpreis f\u00fcr unser Brennholz bleibt stabil. Was wir durchreichen m\u00fcssen, sind lediglich die nachfolgenden kraftstoffbedingten\u00a0<\/strong><\/h2>\n<h2><strong>&#8211;<\/strong><strong> Transportmehrkosten\u00a0<\/strong><strong>des Rundholzes zu uns<\/strong><\/h2>\n<h2><strong>&#8211; Transportkosten zur Trocknung und zur\u00fcck<\/strong><\/h2>\n<h2><strong>&#8211; Transportkosten zum Kunden\u00a0<\/strong><\/h2>\n<h2><strong>Wir empfehlen dringend eine zeitnahe Eindeckung mit Brennholz. Die hohen Energiepreise werden sehr viel l\u00e4nger als 2022 unser Begleiter bleiben.<\/strong><\/h2>\n<h2><strong>Wir werden jedoch- genau wie wir es auch 2022 getan haben- die Preistreiberei und B\u00fcrgerverarschung <span style=\"color: #000000;\"><u>nicht<\/u><\/span> mitmachen und unsere Produktpreise aus Geldgier astronomisch steigen lassen. Wir sind Partner, keine realit\u00e4tsfremden Politiker.<\/strong><\/h2>\n<h2><strong>Solange wir k\u00f6nnen, werden wir die Preise f\u00fcr jedermann erschwinglich darstellen. (Wehe, es kommt mir jetzt einer und sagt:\u00a0 ach, f\u00fcr jedermann. Und was ist mit jederfrau und jederfuchs??\u00a0Dann funkt\u00b4s aber,\u00a0glabbst dess&#8230;)<\/strong><\/h2>\n<table>\n<tbody>\n<tr>\n<td>\n<h2><span style=\"color: #ff6600;\"><strong>Vergleich Heiz\u00f6l zu Brennholz<\/strong><\/span><\/h2>\n<\/td>\n<\/tr>\n<tr>\n<td>\n<h3><strong>Heizpreis Hartholz ca. 0,67 \u20ac zu 1 Liter Heiz\u00f6l<\/strong><\/h3>\n<p>&nbsp;<\/td>\n<\/tr>\n<tr>\n<td>\n<h3><strong>Heizpreis Weichholz ca. 0,57 \u20ac zu 1 Liter Heiz\u00f6l<\/strong><\/h3>\n<\/td>\n<\/tr>\n<\/tbody>\n<\/table>\n<table style=\"height: 85px;\" width=\"5\">\n<tbody>\n<tr>\n<td>\n<h3><span style=\"color: #ff0000;\"><strong>Heiz\u00f6lpreis 11.04.= 1,485\u20ac\/ Liter (<\/strong><strong>Tecson.de<\/strong>)<\/span><\/h3>\n<\/td>\n<td><\/td>\n<\/tr>\n<tr>\n<td><\/td>\n<td><\/td>\n<\/tr>\n<tr>\n<td><\/td>\n<td><\/td>\n<\/tr>\n<tr>\n<td><\/td>\n<td><\/td>\n<\/tr>\n<tr>\n<td><\/td>\n<td><\/td>\n<\/tr>\n<\/tbody>\n<\/table>\n<h1><span style=\"color: #ff6600;\"><strong>Was wird in\u00a0 2026 anders..<\/strong><\/span><\/h1>\n<hr \/>\n<h2><strong>Getrocknetes Brennholz:<\/strong><\/h2>\n<h2>Dieses Jahr wird das Trocknen im Sp\u00e4therbst\/Winter fast nicht mehr m\u00f6glich sein. (Technisch bedingt) Daher haben Sie zwei M\u00f6glichkeiten:<\/h2>\n<h2>1.) Wenn Sie die Lagerm\u00f6glichkeit haben, lassen Sie sich Ihr Holz im Zeitraum von Anfang M\u00e4rz bis Ende August liefern. Je eher, je besser.<\/h2>\n<h2>2.) Wenn Sie wenig oder keinen separaten Lagerraum haben: Wir lagern in unserer Halle Ihre Holzmenge. M\u00f6glich sind Reservierungseing\u00e4nge entweder bis Ende August oder bis die Lagerkapazit\u00e4t unserer Halle erreicht ist. (450 Sch\u00fcttraummeter)<\/h2>\n<hr \/>\n<h2><strong>Andere Scheitholzl\u00e4ngen:<\/strong><\/h2>\n<h2>Sondernl\u00e4ngen (z.B. 25cm, 33cm, 50cm etc.) die getrocknet werden m\u00fcssen, k\u00f6nnen nur von April bis August produziert werden. Mindestmenge bitte erfragen.<\/h2>\n<h2><strong>Mindestliefermenge:<\/strong><\/h2>\n<h2>Lieferungen ab 2 Sch\u00fcttraummeter<\/h2>\n<hr \/>\n<h2><span style=\"color: #ff6600;\"><strong>Falls es mit der Mail \u00fcber Kontakt nicht klappt&#8230;<\/strong><\/span><\/h2>\n<h2>Schreiben Sie uns direkt eine Mail an<\/h2>\n<h2>\u00a0\u00a0\u00a0\u00a0\u00a0\u00a0\u00a0\u00a0\u00a0\u00a0 reiserudo@gmail.com<\/h2>\n<h2>wenn es \u00fcber die Homepage nicht funktioniert. Das ist der Fall, wenn wir uns nicht binnen 24 Stunden melden.<\/h2>\n<h2>Optional: 09161\/30 78 04<\/h2>\n<h1><span style=\"color: #ff6600;\">&#8212;&#8212;&#8212;&#8212;&#8212;&#8212;&#8212;&#8212;&#8212;&#8212;&#8212;&#8212;&#8212;&#8212;&#8212;&#8212;&#8212;&#8212;&#8212;&#8211;<\/span><strong>\u00a0 \u00a0 \u00a0 \u00a0 \u00a0 \u00a0 \u00a0 \u00a0 \u00a0 \u00a0 \u00a0 \u00a0 \u00a0 \u00a0 \u00a0 \u00a0 \u00a0 \u00a0 \u00a0 \u00a0 \u00a0 \u00a0 \u00a0 \u00a0 \u00a0 \u00a0 \u00a0 <\/strong><strong>\u00a0 \u00a0 \u00a0\u00a0<\/strong><\/h1>\n<h1><span style=\"color: #ff6600;\">DIE FIRMA<\/span><\/h1>\n<p>Im Ortsteil Haag bei Gutenstetten ist unser Betrieb zu finden.<br \/>\nDer Bauernhof wurde \u00fcber die Jahre umfunktioniert, umgebaut und modernisiert. Die Scheune und der ehemalige Stall dienen uns jetzt als Produktions- bzw. Lagerhalle.<br \/>\nSeit 2013 produzieren wir hier Brennholz mit Leidenschaft, getreu dem Motto:<\/p>\n<h2 style=\"text-align: center;\">&#8222;Wall is Holz ehm ned woschd is&#8230;.&#8220;<\/h2>\n<p><img loading=\"lazy\" decoding=\"async\" class=\"aligncenter size-full wp-image-1204\" src=\"https:\/\/brennholz-welt-franken.de\/wp-content\/uploads\/2025\/09\/Hof-innen-1.jpg\" alt=\"\" width=\"2560\" height=\"1429\" srcset=\"https:\/\/brennholz-welt-franken.de\/wp-content\/uploads\/2025\/09\/Hof-innen-1.jpg 2560w, https:\/\/brennholz-welt-franken.de\/wp-content\/uploads\/2025\/09\/Hof-innen-1-300x167.jpg 300w, https:\/\/brennholz-welt-franken.de\/wp-content\/uploads\/2025\/09\/Hof-innen-1-1024x572.jpg 1024w, https:\/\/brennholz-welt-franken.de\/wp-content\/uploads\/2025\/09\/Hof-innen-1-768x429.jpg 768w, https:\/\/brennholz-welt-franken.de\/wp-content\/uploads\/2025\/09\/Hof-innen-1-1536x857.jpg 1536w, https:\/\/brennholz-welt-franken.de\/wp-content\/uploads\/2025\/09\/Hof-innen-1-2048x1143.jpg 2048w\" sizes=\"auto, (max-width: 2560px) 100vw, 2560px\" \/><\/p>\n<p>Um dies alles in die Tat umzusetzten, ist ein Stab an Spezialisten n\u00f6tig.<\/p>\n<h2><strong>DER INHABER UND SEINE REGIERUNG:<\/strong><\/h2>\n<p><a href=\"https:\/\/brennholz-welt-franken.de\/wp-content\/uploads\/2018\/12\/DSC_0067.jpg\"><img loading=\"lazy\" decoding=\"async\" class=\"alignnone size-medium wp-image-526\" src=\"https:\/\/brennholz-welt-franken.de\/wp-content\/uploads\/2018\/12\/DSC_0067-300x199.jpg\" alt=\"\" width=\"300\" height=\"199\" srcset=\"https:\/\/brennholz-welt-franken.de\/wp-content\/uploads\/2018\/12\/DSC_0067-300x199.jpg 300w, https:\/\/brennholz-welt-franken.de\/wp-content\/uploads\/2018\/12\/DSC_0067-768x511.jpg 768w, https:\/\/brennholz-welt-franken.de\/wp-content\/uploads\/2018\/12\/DSC_0067-1024x681.jpg 1024w\" sizes=\"auto, (max-width: 300px) 100vw, 300px\" \/><\/a><br \/>\n(Der links im Bild bin ich..)<\/p>\n<div class=\"content_item\">\n<p>Ich habe die ehrenvolle Augabe Ihnen das Holz zu liefern, das ist mir wichtig. Denn nur der direkte Kontakt zum Kunden erm\u00f6glicht es Impulse entgegenzunehmen und L\u00f6sungen f\u00fcr Kundenw\u00fcnsche zu erarbeiten. Sie sind unser Unternehmensberater.<\/p>\n<\/div>\n<p><strong>Die Regierung: (Wer auch einen Ehegatten beherbergt, weiss was ich meine&#8230;.)<\/strong><\/p>\n<p><strong><a href=\"https:\/\/brennholz-welt-franken.de\/wp-content\/uploads\/2018\/12\/edbeae8704.jpg\"><img loading=\"lazy\" decoding=\"async\" class=\"alignnone wp-image-525\" src=\"https:\/\/brennholz-welt-franken.de\/wp-content\/uploads\/2018\/12\/edbeae8704.jpg\" alt=\"\" width=\"162\" height=\"163\" srcset=\"https:\/\/brennholz-welt-franken.de\/wp-content\/uploads\/2018\/12\/edbeae8704.jpg 166w, https:\/\/brennholz-welt-franken.de\/wp-content\/uploads\/2018\/12\/edbeae8704-150x150.jpg 150w\" sizes=\"auto, (max-width: 162px) 100vw, 162px\" \/><\/a><br \/>\n<\/strong>Mei Fraa: Pia Reiser<\/p>\n<p>Neue Ideen sowie der kaufm\u00e4nnische Bereich und bei R\u00fcckschl\u00e4gen Motivation verbreiten ist ihr Bereich- den sie \u00fcbrigens sehr gut erf\u00fcllt.<\/p>\n<p><u><b>Konstruktion und Umsetzung<\/b><\/u><\/p>\n<p><strong>Metallbau Herrmann Schaupensteiner:<\/strong><\/p>\n<p><a href=\"https:\/\/brennholz-welt-franken.de\/wp-content\/uploads\/2019\/03\/10710535_301603523360005_5014757374824636975_n.jpg\"><img loading=\"lazy\" decoding=\"async\" class=\"alignnone size-medium wp-image-589\" src=\"https:\/\/brennholz-welt-franken.de\/wp-content\/uploads\/2019\/03\/10710535_301603523360005_5014757374824636975_n-300x225.jpg\" alt=\"\" width=\"300\" height=\"225\" srcset=\"https:\/\/brennholz-welt-franken.de\/wp-content\/uploads\/2019\/03\/10710535_301603523360005_5014757374824636975_n-300x225.jpg 300w, https:\/\/brennholz-welt-franken.de\/wp-content\/uploads\/2019\/03\/10710535_301603523360005_5014757374824636975_n-768x576.jpg 768w, https:\/\/brennholz-welt-franken.de\/wp-content\/uploads\/2019\/03\/10710535_301603523360005_5014757374824636975_n.jpg 960w\" sizes=\"auto, (max-width: 300px) 100vw, 300px\" \/><\/a><\/p>\n<p>(Die Lokomotive hat er nicht selbst gebaut- ich bin mir aber sicher er k\u00f6nnte es&#8230;.)<\/p>\n<p>Dass Ihr Brennholz trocken und sauber angeliefert wird ist kein Zufall. Die Konstruktion und Produktion der Trocknungseinheiten unserer Kipper , die der Kleinteilabscheider, sowie die Wartung und Weiterentwicklung unseres technischen Ger\u00e4tes liegt in den begnadeten H\u00e4nden unseres Metallbauers Herrmann Schaupensteiner.<\/p>\n<div class=\"content_item\">\n<h1><span style=\"color: #ff6600;\">DIE PRODUKTION:<\/span><\/h1>\n<p><u><b>Von Anfang an das Beste: <\/b><\/u><\/p>\n<p>Die entasteten und auf meist vier Meter gel\u00e4ngten St\u00e4mme finden\u00a0 den Weg zu unserem Holzhandel. Geliefert von den Waldbauern selbst oder unserem speziallisierten Transporteur per Lkw. Seit Anfang an vertrauen wir auf dessen F\u00e4higkeiten die Holzqualit\u00e4t und f\u00fcr uns geeigneten St\u00e4mme vor Ort richtig einzusch\u00e4tzen und termingerecht zu liefern. Seit 2013 erf\u00fcllt er f\u00fcr uns seine Aufgabe wirklich perfekt.<\/p>\n<p>Die im Winter und Fr\u00fchjahr stets wachsenden m\u00e4chtigen Holzstabel versprechen W\u00e4rme und eine unvergleichliches Wohlgef\u00fchl f\u00fcr viele hundert Haushalte wenn es wieder kalt und ungem\u00fctlich wird.<\/p>\n<p><img loading=\"lazy\" decoding=\"async\" class=\"aligncenter wp-image-1206\" src=\"https:\/\/brennholz-welt-franken.de\/wp-content\/uploads\/2025\/09\/Holz-LKW.jpg\" alt=\"\" width=\"421\" height=\"280\" srcset=\"https:\/\/brennholz-welt-franken.de\/wp-content\/uploads\/2025\/09\/Holz-LKW.jpg 2560w, https:\/\/brennholz-welt-franken.de\/wp-content\/uploads\/2025\/09\/Holz-LKW-300x199.jpg 300w, https:\/\/brennholz-welt-franken.de\/wp-content\/uploads\/2025\/09\/Holz-LKW-1024x681.jpg 1024w, https:\/\/brennholz-welt-franken.de\/wp-content\/uploads\/2025\/09\/Holz-LKW-768x511.jpg 768w, https:\/\/brennholz-welt-franken.de\/wp-content\/uploads\/2025\/09\/Holz-LKW-1536x1021.jpg 1536w, https:\/\/brennholz-welt-franken.de\/wp-content\/uploads\/2025\/09\/Holz-LKW-2048x1362.jpg 2048w\" sizes=\"auto, (max-width: 421px) 100vw, 421px\" \/><\/p>\n<p>Ein Brennholzhandel ist nicht nur Spa\u00df und Geld verdienen, man sollte auch das Verantwortungsbewusstsein haben der Umwelt Rechnung zu tragen.<\/p>\n<p>Mit dem Ziel das bestm\u00f6gliche Brennholz unter Ber\u00fccksichtigung von Kosten- und Umweltaspekten bei Ihnen zu Hause anzuliefern, haben wir individuelle Techniken entwickelt.<\/p>\n<\/div>\n<p><span style=\"font-family: Arial, sans-serif;\"><span style=\"color: #000000;\">Im Laufe der Jahre erdachten und bauten wir spezielle Trocknungsanh\u00e4nger unter deren Zuhilfenahme das Brennholz &#8222;veredelt&#8220; wird. Durch zwei von uns genutzte Biogasanlagen ist eine ganzj\u00e4hrige Produktion mit gleichbleibender Qualit\u00e4t m\u00f6glich.<br \/>\n<\/span><\/span><\/p>\n<p><img loading=\"lazy\" decoding=\"async\" class=\"wp-image-1208 alignleft\" src=\"https:\/\/brennholz-welt-franken.de\/wp-content\/uploads\/2025\/09\/Trocknung.jpg\" alt=\"\" width=\"326\" height=\"197\" srcset=\"https:\/\/brennholz-welt-franken.de\/wp-content\/uploads\/2025\/09\/Trocknung.jpg 1290w, https:\/\/brennholz-welt-franken.de\/wp-content\/uploads\/2025\/09\/Trocknung-300x182.jpg 300w, https:\/\/brennholz-welt-franken.de\/wp-content\/uploads\/2025\/09\/Trocknung-1024x621.jpg 1024w, https:\/\/brennholz-welt-franken.de\/wp-content\/uploads\/2025\/09\/Trocknung-768x466.jpg 768w\" sizes=\"auto, (max-width: 326px) 100vw, 326px\" \/><\/p>\n<p><u><b>Warum Biogastrocknung?<\/b><\/u><\/p>\n<p>Mit hoher Schlagkraft trocknen wir unser Brennholz durch zwei Biogasanlagen in den Nachbarorten. Die ohnehin anfallende \u00dcberschussw\u00e4rme wird somit sinnvoll und umweltschonend genutzt. Ein in der Natur aufgeschichtetes Hartholz gilt unter optimalen Bedingungen nach ca. 2 Jahren als brennf\u00e4hig. Es ist jedoch nur so trocken wie die Luftfeuchtigkeit der Umgebung. Das kann in regnerischen Jahren zu erheblichen Schwierigkeiten f\u00fchren. Wird es dann noch \u00fcberlagert, verliert es rasch an Brennwert und kann Ihrer Brennanlage teueren Schaden zuf\u00fcgen.<\/p>\n<p>Rund 200 mal schneller und witterungsunabh\u00e4ngig lassen wir das frische Brennholz durch die \u00dcberschussw\u00e4rme der Biogasanlage trocknen. Zwischen 60- 85\u00b0 Grad heisse Luft trocknet das Brennholz. Ein st\u00fcndlicher Durchflu\u00df von ca. 7500 Kubikmeter Heissluft transportiert die Feuchtigkeit sehr effektiv ab. Die kleinen schwarzen K\u00e4fer und ein nachfolgender Schimmelbefall werden eliminiert. Durch das schockartige Trocknen und sofortige Einlagern wird der Zersetzungsprozess unterbunden. Die Qualit\u00e4t bzw. der Brennwert des Holzes bleibt somit \u00fcber Jahre stabil.<\/p>\n<p><img loading=\"lazy\" decoding=\"async\" class=\"wp-image-1213 alignleft\" src=\"https:\/\/brennholz-welt-franken.de\/wp-content\/uploads\/2025\/09\/Produktion-Nahaufnahme.jpg\" alt=\"\" width=\"307\" height=\"194\" srcset=\"https:\/\/brennholz-welt-franken.de\/wp-content\/uploads\/2025\/09\/Produktion-Nahaufnahme.jpg 600w, https:\/\/brennholz-welt-franken.de\/wp-content\/uploads\/2025\/09\/Produktion-Nahaufnahme-300x190.jpg 300w\" sizes=\"auto, (max-width: 307px) 100vw, 307px\" \/><\/p>\n<p><img loading=\"lazy\" decoding=\"async\" class=\"wp-image-1218 alignnone\" src=\"https:\/\/brennholz-welt-franken.de\/wp-content\/uploads\/2025\/09\/Zuf\u00fchrtisch.jpg\" alt=\"\" width=\"292\" height=\"199\" srcset=\"https:\/\/brennholz-welt-franken.de\/wp-content\/uploads\/2025\/09\/Zuf\u00fchrtisch.jpg 1250w, https:\/\/brennholz-welt-franken.de\/wp-content\/uploads\/2025\/09\/Zuf\u00fchrtisch-300x205.jpg 300w, https:\/\/brennholz-welt-franken.de\/wp-content\/uploads\/2025\/09\/Zuf\u00fchrtisch-1024x700.jpg 1024w, https:\/\/brennholz-welt-franken.de\/wp-content\/uploads\/2025\/09\/Zuf\u00fchrtisch-768x525.jpg 768w\" sizes=\"auto, (max-width: 292px) 100vw, 292px\" \/><\/p>\n<p>Im Jahr 2020 haben wir die Produktion in die Scheune verlagert. Das macht die Arbeit deutlich angenehmer, egal welches Wetter wir gerade haben. Zus\u00e4tzlich wurde auf dem Dach eine Photovoltaikanlage installiert, die den Elektromotor speist, der wiederrum den Schneidspalter antreibt. Somit haben wir nicht nur biologisches, sondern auch \u00f6kologisch nahezu CO2 neutral produziertes Holz.<\/p>\n<p><img loading=\"lazy\" decoding=\"async\" class=\"wp-image-1211 alignleft\" src=\"https:\/\/brennholz-welt-franken.de\/wp-content\/uploads\/2025\/09\/Verladen.jpg\" alt=\"\" width=\"310\" height=\"424\" srcset=\"https:\/\/brennholz-welt-franken.de\/wp-content\/uploads\/2025\/09\/Verladen.jpg 1126w, https:\/\/brennholz-welt-franken.de\/wp-content\/uploads\/2025\/09\/Verladen-219x300.jpg 219w, https:\/\/brennholz-welt-franken.de\/wp-content\/uploads\/2025\/09\/Verladen-749x1024.jpg 749w, https:\/\/brennholz-welt-franken.de\/wp-content\/uploads\/2025\/09\/Verladen-768x1050.jpg 768w, https:\/\/brennholz-welt-franken.de\/wp-content\/uploads\/2025\/09\/Verladen-1123x1536.jpg 1123w\" sizes=\"auto, (max-width: 310px) 100vw, 310px\" \/><\/p>\n<p><span style=\"font-family: Arial, sans-serif;\"><span style=\"color: #000000;\">Das Telefon klingelt fordernd, ein Kunde ordert Brennholz. Einmal noch wird unser Schlepper bem\u00fcht. Souver\u00e4n rollt er in der Lagerhalle auf den Scheitholzhaufen zu, den Frontlader wie ein Stier die H\u00f6rner, gesenkt. Mehrere hundert Kilo hebt er m\u00fchelos aus der Menge und kippt sie auf den wartenden Kleinteilabscheider. Dieser trennt die unerw\u00fcnschten Rinden- Schmutz-und Spreiselreste von den Holzscheiten die rasant \u00fcber das Ger\u00e4t trommelt tanzen. Ist der Anh\u00e4nger gef\u00fcllt und f\u00fcr den Transport bereit geht es Termingerecht zum Kunden. Jetzt kann nach aufschichten der Holzscheite ein wohlverdientes Bier genossen und auf das kalte Wetter gewartet werden.<\/span><\/span><\/p>\n<p>&nbsp;<\/p>\n<p><span style=\"font-family: Arial, sans-serif;\"><span style=\"color: #000000;\">Um der im Herbst naturgem\u00e4\u00df ansteigenden Nachfrage gerecht zu werden verf\u00fcgen wir desweiteren \u00fcber eine volumin\u00f6se Lagerhalle. Dennoch bitten wir Sie darum nach M\u00f6glichkeit bereits im Fr\u00fchjahr\/Sommer bereits Ihren Vorrat anliefern zu lassen. Sie vermeiden somit im Herbst in einen Engpass zu geraten.<br \/>\n<\/span><\/span><\/p>\n<p><img loading=\"lazy\" decoding=\"async\" class=\"aligncenter size-full wp-image-1221\" src=\"https:\/\/brennholz-welt-franken.de\/wp-content\/uploads\/2025\/09\/Transport.jpg\" alt=\"\" width=\"2560\" height=\"1009\" srcset=\"https:\/\/brennholz-welt-franken.de\/wp-content\/uploads\/2025\/09\/Transport.jpg 2560w, https:\/\/brennholz-welt-franken.de\/wp-content\/uploads\/2025\/09\/Transport-300x118.jpg 300w, https:\/\/brennholz-welt-franken.de\/wp-content\/uploads\/2025\/09\/Transport-1024x404.jpg 1024w, https:\/\/brennholz-welt-franken.de\/wp-content\/uploads\/2025\/09\/Transport-768x303.jpg 768w, https:\/\/brennholz-welt-franken.de\/wp-content\/uploads\/2025\/09\/Transport-1536x605.jpg 1536w, https:\/\/brennholz-welt-franken.de\/wp-content\/uploads\/2025\/09\/Transport-2048x807.jpg 2048w\" sizes=\"auto, (max-width: 2560px) 100vw, 2560px\" \/><\/p>\n<p><span style=\"font-family: Arial, sans-serif; color: #000000;\">\u00a0<\/span><\/p>\n","protected":false},"excerpt":{"rendered":"<p>Herzlich willkommen bei Brennholz-Welt-Franken &nbsp; Wir sind von Montag bis Freitag von 8:00 &#8211; 17:00 Uhr\u00a0 f\u00fcr Sie quasi auf dem Holzweg. Begleiten Sie uns doch ein bi\u00dfchen. Sie werden Augen machen. (Bitte immer erst einen Termin vereinbaren, bevor Sie &hellip; <a href=\"https:\/\/brennholz-welt-franken.de\/?page_id=58\">Weiterlesen <span class=\"meta-nav\">&rarr;<\/span><\/a><\/p>\n","protected":false},"author":1,"featured_media":0,"parent":0,"menu_order":0,"comment_status":"open","ping_status":"closed","template":"","meta":{"footnotes":""},"class_list":["post-58","page","type-page","status-publish","hentry"],"_links":{"self":[{"href":"https:\/\/brennholz-welt-franken.de\/index.php?rest_route=\/wp\/v2\/pages\/58","targetHints":{"allow":["GET"]}}],"collection":[{"href":"https:\/\/brennholz-welt-franken.de\/index.php?rest_route=\/wp\/v2\/pages"}],"about":[{"href":"https:\/\/brennholz-welt-franken.de\/index.php?rest_route=\/wp\/v2\/types\/page"}],"author":[{"embeddable":true,"href":"https:\/\/brennholz-welt-franken.de\/index.php?rest_route=\/wp\/v2\/users\/1"}],"replies":[{"embeddable":true,"href":"https:\/\/brennholz-welt-franken.de\/index.php?rest_route=%2Fwp%2Fv2%2Fcomments&post=58"}],"version-history":[{"count":483,"href":"https:\/\/brennholz-welt-franken.de\/index.php?rest_route=\/wp\/v2\/pages\/58\/revisions"}],"predecessor-version":[{"id":1428,"href":"https:\/\/brennholz-welt-franken.de\/index.php?rest_route=\/wp\/v2\/pages\/58\/revisions\/1428"}],"wp:attachment":[{"href":"https:\/\/brennholz-welt-franken.de\/index.php?rest_route=%2Fwp%2Fv2%2Fmedia&parent=58"}],"curies":[{"name":"wp","href":"https:\/\/api.w.org\/{rel}","templated":true}]}}