{"id":60,"date":"2014-08-20T21:24:29","date_gmt":"2014-08-20T19:24:29","guid":{"rendered":"http:\/\/brennholz-welt-franken.de\/?page_id=60"},"modified":"2026-04-03T11:45:50","modified_gmt":"2026-04-03T09:45:50","slug":"angebote-preise","status":"publish","type":"page","link":"https:\/\/brennholz-welt-franken.de\/?page_id=60","title":{"rendered":"Produkte &#038; Preise"},"content":{"rendered":"<div class=\"content_item\">\n<h3><span style=\"color: #993300;\">Nun zum Wesentlichen: Ihrem Brennholz<\/span><\/h3>\n<h3><span style=\"text-decoration: underline; color: #ff6600;\">WICHTIG: Wir rechnen und liefern\u00a0 Brennholz nach ganzen SRM (Sch\u00fcttraummeter) und Rundholz nach RM (Raummeter) ab. <\/span><\/h3>\n<h3><span style=\"text-decoration: underline; color: #ff6600;\">( 1 SRM entspricht ca. 0,83 Ster \/ <\/span><span style=\"text-decoration: underline; color: #ff6600;\">1 Ster entspricht ca. 1,2 SRM)<br \/>\n<\/span><\/h3>\n<p>Die Holzscheite sind bei uns standartm\u00e4\u00dfig auf 28cm geschnitten. Bei Sonderl\u00e4ngen unter 28 cm (z.B. 25 cm) fallen 5 \u20ac Aufwandsentsch\u00e4digung an. Getrocknete Sonderl\u00e4ngen sind ab 6 Sch\u00fcttraummeter m\u00f6glich.<\/p>\n<table class=\"pricelist\" style=\"height: 191px;\" width=\"711\">\n<tbody>\n<tr>\n<th>\n<h2><strong><span style=\"color: #ff6600;\">BRENNHOLZ<\/span><\/strong><\/h2>\n<\/th>\n<th>\n<h2><span style=\"color: #ff6600;\"><strong>Frisch<\/strong><br \/>\n<\/span><\/h2>\n<\/th>\n<th>\n<h2><strong><span style=\"color: #ff6600;\">Trocken<\/span><\/strong><\/h2>\n<\/th>\n<\/tr>\n<tr>\n<td><span style=\"color: #993300;\"><b>Hartholz bestehend aus Buche, Esche, Eiche\u00a0 ca. 28 cm<\/b><\/span><span style=\"color: #993300;\"><b><br \/>\n<\/b><\/span><a href=\"https:\/\/brennholz-welt-franken.de\/wp-content\/uploads\/2014\/08\/DSC_0111.jpg\"><img loading=\"lazy\" decoding=\"async\" class=\"alignnone wp-image-280\" src=\"https:\/\/brennholz-welt-franken.de\/wp-content\/uploads\/2014\/08\/DSC_0111-300x199.jpg\" alt=\"DSC_0111\" width=\"167\" height=\"111\" srcset=\"https:\/\/brennholz-welt-franken.de\/wp-content\/uploads\/2014\/08\/DSC_0111-300x199.jpg 300w, https:\/\/brennholz-welt-franken.de\/wp-content\/uploads\/2014\/08\/DSC_0111-1024x680.jpg 1024w\" sizes=\"auto, (max-width: 167px) 100vw, 167px\" \/><\/a><\/td>\n<td class=\"price\"><strong>105,00 \u20ac je SRM <\/strong><\/td>\n<td class=\"price\"><strong>120,00 \u20ac je SRM <\/strong><\/td>\n<\/tr>\n<tr>\n<td><span style=\"color: #993300;\"><b>Weichholz bestehend aus \u00fcberwiegend Kiefer und etwas Fichte ca.\u00a0 28 cm<br \/>\n<\/b><\/span><a href=\"https:\/\/brennholz-welt-franken.de\/wp-content\/uploads\/2014\/08\/DSC_0086.jpg\"><img loading=\"lazy\" decoding=\"async\" class=\"alignnone wp-image-305\" src=\"https:\/\/brennholz-welt-franken.de\/wp-content\/uploads\/2014\/08\/DSC_0086-300x199.jpg\" alt=\"DSC_0086\" width=\"164\" height=\"109\" srcset=\"https:\/\/brennholz-welt-franken.de\/wp-content\/uploads\/2014\/08\/DSC_0086-300x199.jpg 300w, https:\/\/brennholz-welt-franken.de\/wp-content\/uploads\/2014\/08\/DSC_0086-1024x680.jpg 1024w\" sizes=\"auto, (max-width: 164px) 100vw, 164px\" \/><\/a><\/td>\n<td class=\"price\">&nbsp;<\/p>\n<p><strong>70,00 \u20ac je SRM <\/strong><\/td>\n<td class=\"price\">&nbsp;<\/p>\n<p><strong>80,00 \u20ac je SRM <\/strong><\/td>\n<\/tr>\n<\/tbody>\n<\/table>\n<table class=\"pricelist\" style=\"height: 677px;\" width=\"681\">\n<tbody>\n<tr>\n<th>\n<h2><strong><span style=\"color: #ff6600;\">RUNDHOLZ (ST\u00c4MME) DERZEIT NICHT VERF\u00dcGBAR<\/span><\/strong><\/h2>\n<p><img loading=\"lazy\" decoding=\"async\" class=\"alignnone wp-image-519\" src=\"https:\/\/brennholz-welt-franken.de\/wp-content\/uploads\/2018\/12\/IMG_20180818_184740.jpg\" alt=\"\" width=\"188\" height=\"141\" srcset=\"https:\/\/brennholz-welt-franken.de\/wp-content\/uploads\/2018\/12\/IMG_20180818_184740.jpg 4672w, https:\/\/brennholz-welt-franken.de\/wp-content\/uploads\/2018\/12\/IMG_20180818_184740-300x225.jpg 300w, https:\/\/brennholz-welt-franken.de\/wp-content\/uploads\/2018\/12\/IMG_20180818_184740-768x576.jpg 768w, https:\/\/brennholz-welt-franken.de\/wp-content\/uploads\/2018\/12\/IMG_20180818_184740-1024x768.jpg 1024w\" sizes=\"auto, (max-width: 188px) 100vw, 188px\" \/><\/p>\n<p><a href=\"https:\/\/brennholz-welt-franken.de\/wp-content\/uploads\/2014\/08\/Weichholz1.jpg\"><img loading=\"lazy\" decoding=\"async\" class=\"alignnone wp-image-315\" src=\"https:\/\/brennholz-welt-franken.de\/wp-content\/uploads\/2014\/08\/Weichholz1-300x199.jpg\" alt=\"Weichholz\" width=\"185\" height=\"122\" srcset=\"https:\/\/brennholz-welt-franken.de\/wp-content\/uploads\/2014\/08\/Weichholz1-300x199.jpg 300w, https:\/\/brennholz-welt-franken.de\/wp-content\/uploads\/2014\/08\/Weichholz1-1024x680.jpg 1024w\" sizes=\"auto, (max-width: 185px) 100vw, 185px\" \/><\/a><\/th>\n<th style=\"text-align: center;\">&nbsp;<\/p>\n<p><span style=\"color: #993300;\"><strong>Buche\/Eiche\/Esche<\/strong><\/span><br \/>\n<span style=\"color: #000000;\"><strong>Stammware<\/strong><\/span><br \/>\n<span style=\"color: #000000;\"><strong>400 cm<\/strong><\/span><\/p>\n<p><span style=\"color: #000000;\"><strong>ca. 38 RM<\/strong><\/span><br \/>\n<span style=\"color: #000000;\"><strong>pro Lieferung<\/strong><\/span><\/p>\n<p>&nbsp;<\/p>\n<p><span style=\"color: #993300;\"><strong>Kiefer\/Fichte<\/strong><\/span><br \/>\n<span style=\"color: #000000;\"><strong>Stammware<\/strong><\/span><br \/>\n<span style=\"color: #000000;\">400 cm<\/span><\/p>\n<p><span style=\"color: #000000;\">ca. <strong>40<\/strong> RM<\/span><br \/>\n<span style=\"color: #000000;\">pro <strong>Lieferung<\/strong><\/span><\/th>\n<th>&nbsp;<\/p>\n<p style=\"text-align: center;\"><span style=\"color: #000000;\"><strong>0\u20ac\/RM<\/strong><\/span><\/p>\n<p style=\"text-align: center;\"><span style=\"color: #000000;\"><strong>zzgl.<\/strong><\/span><br \/>\n<span style=\"color: #000000;\"><strong>Transport<\/strong><\/span><\/p>\n<p>&nbsp;<\/p>\n<p>&nbsp;<\/p>\n<p style=\"text-align: center;\"><span style=\"color: #000000;\"><strong>0 \u20ac\/RM<\/strong><\/span><\/p>\n<p style=\"text-align: center;\"><span style=\"color: #000000;\">zzgl. <strong>Transport<\/strong><\/span><\/p>\n<\/th>\n<\/tr>\n<tr>\n<td><strong><span style=\"color: #ff6600;\">HACKST\u00d6CKE<\/span><\/strong><\/p>\n<p><a href=\"https:\/\/brennholz-welt-franken.de\/wp-content\/uploads\/2014\/08\/Hackstock.jpg\"><img loading=\"lazy\" decoding=\"async\" class=\"alignnone wp-image-276\" src=\"https:\/\/brennholz-welt-franken.de\/wp-content\/uploads\/2014\/08\/Hackstock-200x300.jpg\" alt=\"holzblock mit Axt und Spaltholz\" width=\"102\" height=\"153\" srcset=\"https:\/\/brennholz-welt-franken.de\/wp-content\/uploads\/2014\/08\/Hackstock-200x300.jpg 200w, https:\/\/brennholz-welt-franken.de\/wp-content\/uploads\/2014\/08\/Hackstock.jpg 283w\" sizes=\"auto, (max-width: 102px) 100vw, 102px\" \/><\/a><\/td>\n<td style=\"text-align: center;\">&nbsp;<\/p>\n<p><span style=\"color: #000000;\">L\u00e4nge: ca. 50-85 cm<\/span><\/p>\n<p><span style=\"color: #000000;\"><strong>Ki<\/strong><strong>efer 30 \u20ac<\/strong><\/span><\/p>\n<p><span style=\"color: #000000;\"><strong>Eiche 65 \u20ac<\/strong><\/span><\/td>\n<td class=\"price\"><\/td>\n<\/tr>\n<tr>\n<td><strong><span style=\"color: #ff6600;\">ANZ\u00dcNDKLEINHOLZ<\/span><\/strong><\/p>\n<p><a href=\"https:\/\/brennholz-welt-franken.de\/wp-content\/uploads\/2014\/08\/Hackschnitzel-2.jpg\"><img loading=\"lazy\" decoding=\"async\" class=\"wp-image-277 \" src=\"https:\/\/brennholz-welt-franken.de\/wp-content\/uploads\/2014\/08\/Hackschnitzel-2-300x234.jpg\" alt=\"Hackschnitzel (2)\" width=\"145\" height=\"113\" srcset=\"https:\/\/brennholz-welt-franken.de\/wp-content\/uploads\/2014\/08\/Hackschnitzel-2-300x234.jpg 300w, https:\/\/brennholz-welt-franken.de\/wp-content\/uploads\/2014\/08\/Hackschnitzel-2-1024x800.jpg 1024w\" sizes=\"auto, (max-width: 145px) 100vw, 145px\" \/><\/a><\/td>\n<td class=\"price\" style=\"text-align: center;\">&nbsp;<\/p>\n<p><span style=\"color: #000000;\"><strong>50 Liter<br \/>\n(ca. 10 kg)<\/strong><\/span><br \/>\n<span style=\"color: #000000;\"><strong>10 \u20ac abgesackt<\/strong><\/span><\/td>\n<td class=\"price\"><\/td>\n<\/tr>\n<\/tbody>\n<\/table>\n<table class=\"pricelist\" style=\"height: 48px;\" width=\"547\">\n<tbody>\n<tr>\n<th>\n<h3><strong><span style=\"color: #ff6600;\"><br \/>\nHOLZWOLLANZ\u00dcNDER<\/span><\/strong><\/h3>\n<\/th>\n<th>\n<h3><strong><span style=\"color: #000000;\"><br \/>\nca. 50 St\u00fcck<\/span><\/strong><\/h3>\n<\/th>\n<th>\n<h3><span style=\"color: #000000;\"><strong><br \/>\n5 \u20ac\/Pack<\/strong><\/span><\/h3>\n<\/th>\n<\/tr>\n<tr>\n<td>\n<h3><strong><span style=\"color: #ff6600;\">S\u00c4GESP\u00c4NE<\/span><\/strong><\/h3>\n<\/td>\n<td class=\"price\"><span style=\"color: #000000;\"><strong>50 Liter\u00a0 \u00a0<\/strong><\/span><\/p>\n<p><strong><span style=\"color: #000000;\">1000 Liter<\/span><br \/>\n<\/strong><\/td>\n<td class=\"price\"><span style=\"color: #000000;\"><strong>5 \u20ac\/Sack<br \/>\n<\/strong><\/span><br \/>\n<span style=\"color: #000000;\"><strong>15 \u20ac lose<\/strong><\/span><br \/>\n<span style=\"color: #000000;\"><strong>ab Hof<\/strong><\/span><\/td>\n<\/tr>\n<\/tbody>\n<\/table>\n<table class=\"pricelist\" style=\"height: 192px;\" width=\"641\">\n<tbody>\n<tr>\n<th>\n<h2><strong><span style=\"color: #ff6600;\">HACKSCHNITZEL DERZEIT NICHT VERF\u00dcGBAR<\/span><\/strong><\/h2>\n<h2><img loading=\"lazy\" decoding=\"async\" class=\"wp-image-275 alignleft\" src=\"https:\/\/brennholz-welt-franken.de\/wp-content\/uploads\/2014\/08\/Hackschnitzel-1.jpg\" alt=\"\" width=\"113\" height=\"177\" srcset=\"https:\/\/brennholz-welt-franken.de\/wp-content\/uploads\/2014\/08\/Hackschnitzel-1.jpg 1692w, https:\/\/brennholz-welt-franken.de\/wp-content\/uploads\/2014\/08\/Hackschnitzel-1-191x300.jpg 191w, https:\/\/brennholz-welt-franken.de\/wp-content\/uploads\/2014\/08\/Hackschnitzel-1-654x1024.jpg 654w\" sizes=\"auto, (max-width: 113px) 100vw, 113px\" \/><\/h2>\n<\/th>\n<th>\n<h3><\/h3>\n<h3><strong><span style=\"color: #000000;\">50 Liter<\/span><\/strong><\/h3>\n<h3><strong><span style=\"color: #000000;\">1000 Liter<\/span><\/strong><\/h3>\n<\/th>\n<th>\n<h3><\/h3>\n<h3><strong><span style=\"color: #000000;\">5 \u20ac\/Sack<\/span><\/strong><\/h3>\n<h3><strong><span style=\"color: #000000;\">45 \u20ac lose<\/span><\/strong><br \/>\n<strong><span style=\"color: #000000;\">ab Hof<\/span><\/strong><\/h3>\n<\/th>\n<\/tr>\n<tr>\n<td>\n<h3><strong><span style=\"color: #ff6600;\"><br \/>\nSCHWEDENFEUER <\/span><span style=\"color: #ff6600;\">KIEFER<\/span><\/strong><\/h3>\n<p><a href=\"https:\/\/brennholz-welt-franken.de\/wp-content\/uploads\/2014\/08\/Schwedenfeuer.jpg\"><img loading=\"lazy\" decoding=\"async\" class=\"alignnone wp-image-282\" src=\"https:\/\/brennholz-welt-franken.de\/wp-content\/uploads\/2014\/08\/Schwedenfeuer-300x168.jpg\" alt=\"Baumfackel, Schwedenfeuer\" width=\"192\" height=\"168\" \/><\/a><\/td>\n<td class=\"price\" style=\"text-align: center;\">&nbsp;<\/p>\n<p><span style=\"color: #000000;\">50 &#8211; 70 cm hoch<\/span><\/p>\n<p><strong>25 \u20ac<\/strong><\/td>\n<td class=\"price\" style=\"text-align: center;\">&nbsp;<\/p>\n<p><span style=\"color: #000000;\">80 &#8211; 100 cm hoch<\/span><\/p>\n<p><strong>35 \u20ac<\/strong><\/td>\n<\/tr>\n<\/tbody>\n<\/table>\n<table class=\"pricelist\" width=\"641\">\n<tbody>\n<tr>\n<th>\n<h2><strong><span style=\"color: #ff6600;\">GUTSCHEINE<\/span><\/strong><\/h2>\n<p><img loading=\"lazy\" decoding=\"async\" class=\"wp-image-542 alignleft\" src=\"https:\/\/brennholz-welt-franken.de\/wp-content\/uploads\/2018\/12\/DSC_0298.jpg\" alt=\"\" width=\"214\" height=\"142\" srcset=\"https:\/\/brennholz-welt-franken.de\/wp-content\/uploads\/2018\/12\/DSC_0298.jpg 3008w, https:\/\/brennholz-welt-franken.de\/wp-content\/uploads\/2018\/12\/DSC_0298-300x199.jpg 300w, https:\/\/brennholz-welt-franken.de\/wp-content\/uploads\/2018\/12\/DSC_0298-768x511.jpg 768w, https:\/\/brennholz-welt-franken.de\/wp-content\/uploads\/2018\/12\/DSC_0298-1024x681.jpg 1024w\" sizes=\"auto, (max-width: 214px) 100vw, 214px\" \/><\/th>\n<th><\/th>\n<th><\/th>\n<\/tr>\n<tr>\n<td>\n<h3><span style=\"color: #ff6600;\"><strong>DEKORATIVES<\/strong><\/span><\/h3>\n<p><img loading=\"lazy\" decoding=\"async\" class=\"wp-image-750 alignleft\" src=\"https:\/\/brennholz-welt-franken.de\/wp-content\/uploads\/2020\/06\/IMG-20200608-WA00031.jpg\" alt=\"\" width=\"207\" height=\"276\" srcset=\"https:\/\/brennholz-welt-franken.de\/wp-content\/uploads\/2020\/06\/IMG-20200608-WA00031.jpg 1200w, https:\/\/brennholz-welt-franken.de\/wp-content\/uploads\/2020\/06\/IMG-20200608-WA00031-225x300.jpg 225w, https:\/\/brennholz-welt-franken.de\/wp-content\/uploads\/2020\/06\/IMG-20200608-WA00031-768x1024.jpg 768w\" sizes=\"auto, (max-width: 207px) 100vw, 207px\" \/><img loading=\"lazy\" decoding=\"async\" class=\"wp-image-574 alignleft\" src=\"https:\/\/brennholz-welt-franken.de\/wp-content\/uploads\/2019\/02\/IMG_20190129_183242.jpg\" alt=\"\" width=\"206\" height=\"155\" srcset=\"https:\/\/brennholz-welt-franken.de\/wp-content\/uploads\/2019\/02\/IMG_20190129_183242.jpg 2560w, https:\/\/brennholz-welt-franken.de\/wp-content\/uploads\/2019\/02\/IMG_20190129_183242-300x225.jpg 300w, https:\/\/brennholz-welt-franken.de\/wp-content\/uploads\/2019\/02\/IMG_20190129_183242-768x576.jpg 768w, https:\/\/brennholz-welt-franken.de\/wp-content\/uploads\/2019\/02\/IMG_20190129_183242-1024x768.jpg 1024w\" sizes=\"auto, (max-width: 206px) 100vw, 206px\" \/><\/p>\n<p>&nbsp;<\/p>\n<p>&nbsp;<\/p>\n<p>&nbsp;<\/p>\n<p><img loading=\"lazy\" decoding=\"async\" class=\"wp-image-692 alignleft\" src=\"https:\/\/brennholz-welt-franken.de\/wp-content\/uploads\/2019\/12\/20191214_104006-1.jpg\" alt=\"\" width=\"208\" height=\"208\" srcset=\"https:\/\/brennholz-welt-franken.de\/wp-content\/uploads\/2019\/12\/20191214_104006-1.jpg 1183w, https:\/\/brennholz-welt-franken.de\/wp-content\/uploads\/2019\/12\/20191214_104006-1-150x150.jpg 150w, https:\/\/brennholz-welt-franken.de\/wp-content\/uploads\/2019\/12\/20191214_104006-1-300x300.jpg 300w, https:\/\/brennholz-welt-franken.de\/wp-content\/uploads\/2019\/12\/20191214_104006-1-768x768.jpg 768w, https:\/\/brennholz-welt-franken.de\/wp-content\/uploads\/2019\/12\/20191214_104006-1-1024x1024.jpg 1024w\" sizes=\"auto, (max-width: 208px) 100vw, 208px\" \/><\/p>\n<p><strong><span style=\"color: #000000;\">\u00a0 \u00a0 \u00a0 \u00a0 \u00a0 \u00a0 \u00a0 \u00a0 \u00a0 \u00a0 \u00a0 <\/span><\/strong><\/p>\n<p>&nbsp;<\/p>\n<p>&nbsp;<\/p>\n<p>&nbsp;<\/p>\n<p><strong><span style=\"color: #000000;\">\u00a0 \u00a0 \u00a0 \u00a0 \u00a0 \u00a0 \u00a0 \u00a0 \u00a0 \u00a0 \u00a0 \u00a0 \u00a0 \u00a0 \u00a0 \u00a0 \u00a0 \u00a0 \u00a0 \u00a0 \u00a0 \u00a0 \u00a0 \u00a0 \u00a0 \u00a0 \u00a0 \u00a0 \u00a0 auf Anfrage<\/span><\/strong><\/td>\n<td class=\"price\">&nbsp;<\/p>\n<p>&nbsp;<\/td>\n<td class=\"price\">&nbsp;<\/p>\n<p>&nbsp;<\/p>\n<p>&nbsp;<\/td>\n<\/tr>\n<\/tbody>\n<\/table>\n<\/div>\n<p>(*) Die Produktion und Lieferung von\u00a0 Sonderl\u00e4ngen (z.B. 33 cm, 50 cm) ist nach Vorbestellung von April bis Ende August m\u00f6glich. Aus technischen Gr\u00fcnden liegt die Mindestabnahmemenge bei 6 Sch\u00fcttraummeter (ca. 5 Ster) .<\/p>\n","protected":false},"excerpt":{"rendered":"<p>Nun zum Wesentlichen: Ihrem Brennholz WICHTIG: Wir rechnen und liefern\u00a0 Brennholz nach ganzen SRM (Sch\u00fcttraummeter) und Rundholz nach RM (Raummeter) ab. ( 1 SRM entspricht ca. 0,83 Ster \/ 1 Ster entspricht ca. 1,2 SRM) Die Holzscheite sind bei uns &hellip; <a href=\"https:\/\/brennholz-welt-franken.de\/?page_id=60\">Weiterlesen <span class=\"meta-nav\">&rarr;<\/span><\/a><\/p>\n","protected":false},"author":1,"featured_media":0,"parent":0,"menu_order":0,"comment_status":"closed","ping_status":"open","template":"","meta":{"footnotes":""},"class_list":["post-60","page","type-page","status-publish","hentry"],"_links":{"self":[{"href":"https:\/\/brennholz-welt-franken.de\/index.php?rest_route=\/wp\/v2\/pages\/60","targetHints":{"allow":["GET"]}}],"collection":[{"href":"https:\/\/brennholz-welt-franken.de\/index.php?rest_route=\/wp\/v2\/pages"}],"about":[{"href":"https:\/\/brennholz-welt-franken.de\/index.php?rest_route=\/wp\/v2\/types\/page"}],"author":[{"embeddable":true,"href":"https:\/\/brennholz-welt-franken.de\/index.php?rest_route=\/wp\/v2\/users\/1"}],"replies":[{"embeddable":true,"href":"https:\/\/brennholz-welt-franken.de\/index.php?rest_route=%2Fwp%2Fv2%2Fcomments&post=60"}],"version-history":[{"count":266,"href":"https:\/\/brennholz-welt-franken.de\/index.php?rest_route=\/wp\/v2\/pages\/60\/revisions"}],"predecessor-version":[{"id":1417,"href":"https:\/\/brennholz-welt-franken.de\/index.php?rest_route=\/wp\/v2\/pages\/60\/revisions\/1417"}],"wp:attachment":[{"href":"https:\/\/brennholz-welt-franken.de\/index.php?rest_route=%2Fwp%2Fv2%2Fmedia&parent=60"}],"curies":[{"name":"wp","href":"https:\/\/api.w.org\/{rel}","templated":true}]}}