{"id":72,"date":"2014-08-20T21:40:32","date_gmt":"2014-08-20T19:40:32","guid":{"rendered":"http:\/\/brennholz-welt-franken.de\/?page_id=72"},"modified":"2018-02-28T09:44:59","modified_gmt":"2018-02-28T08:44:59","slug":"agbs","status":"publish","type":"page","link":"https:\/\/brennholz-welt-franken.de\/?page_id=72","title":{"rendered":"AGB"},"content":{"rendered":"<h2><span style=\"color: #993300;\">Allgemeine Gesch\u00e4ftsbedingungen<\/span><\/h2>\n<p>Allgemeine Verkaufs- und Lieferbedingungen (AGB) der<br \/>\nFirma BrennholzWelt-Franken<br \/>\n1. Unsere Lieferungen, Angebote, Auftragsbest\u00e4tigungen und sonstigen<br \/>\nLeistungen erfolgen aufgrund dieser Gesch\u00e4ftsbedingungen. Eigene<br \/>\nBedingungen des K\u00e4ufers haben keine G\u00fcltigkeit, ebenso f\u00fcr alle<br \/>\nzuk\u00fcnftigen Gesch\u00e4fte.<br \/>\n2. Der Verk\u00e4ufer ist dem K\u00e4ufer nach der gesetzlichen Regelung des<br \/>\nLeistungsst\u00f6rungsrechts innerhalb der gesetzlichen Fristen verpflichtet<br \/>\nsoweit sich durch nachstehende Regelungen keine Abweichungen<br \/>\nergeben.<br \/>\n3. Falls nicht schriftlich etwas anderes vereinbart worden ist oder bereits<br \/>\neine Lieferung erfolgte, so bleiben unsere Angebote in jeder Hinsicht<br \/>\nunverbindlich.<br \/>\n4. Erf\u00fcllungs- und Leistungsort ist der Sitz des Verk\u00e4ufers. Soll der<br \/>\nVerk\u00e4ufer die Kaufsache an einen anderen Ort liefern, bedarf es einer<br \/>\ngesonderten Vereinbarung. Die Gefahr geht mit der Auslieferung zur<br \/>\nVerladung in das Transportmittel, bei Selbstabholung mit der<br \/>\nBereitstellung zur Verladung auf den K\u00e4ufer \u00fcber. Das Abladen ist \u2013auch<br \/>\nbei Lieferung frachtfrei, nach Andienung der Ware sofort sachgerecht<br \/>\ndurch den K\u00e4ufer zu besorgen, es sei denn, das Abladen durch den<br \/>\nVerk\u00e4ufer ist gesondert vereinbart worden. In diesem Fall erfolgt die<br \/>\nLieferung an eine mit dem Lieferfahrzeug in zumutbarer Weise<br \/>\nerreichbare Abladestelle. Liefertermine sind stets unverbindlich.<br \/>\nS\u00e4mtliche Kosten f\u00fcr Lieferungen, Transporte oder Transportkosten<br \/>\nDritter gehen zu Lasten des K\u00e4ufers.<br \/>\n5. Der K\u00e4ufer ist verpflichtet, die Ware bei Anlieferung unverz\u00fcglich noch<br \/>\nin Anwesenheit des Lieferanten auf ihre Unversehrtheit zu pr\u00fcfen.<br \/>\nBest\u00e4tigt der K\u00e4ufer die Unversehrtheit der Waren, so gehen Sch\u00e4den,<br \/>\ndie aufgrund des Transports entstanden sind, zu Lasten des K\u00e4ufers.<br \/>\n6. Der vereinbarte Kaufpreis versteht sich in EURO f\u00fcr Unternehmer<br \/>\nzuz\u00fcglich und f\u00fcr Verbraucher inklusive der gesetzlichen<br \/>\nMehrwertsteuer. Der Kaufpreis ist ohne Abzug sofort bei Abholung,\u00a0 oder sofort\u00a0 nach\u00a0 Lieferung zur Zahlung f\u00e4llig.<br \/>\n7. Sofern nichts anderes schriftlich vereinbart worden ist, erfolgt der<br \/>\nVerkauf von Kaminholz nach Sch\u00fcttraummetern (SRM). Wird<br \/>\ngeschnittenes Brennholz verkauft und werden keine abweichenden<br \/>\nVereinbarungen getroffen, so betr\u00e4gt die L\u00e4nge eines St\u00fcckes etwa 28<br \/>\ncm. Produktionsbedingte Abweichungen von bis zu 4 cm l\u00e4ngeren oder<br \/>\nschnittbedingt deutlich k\u00fcrzeren St\u00fccken gelten als vereinbart.<br \/>\n8. Die Ware bleibt bis zur vollst\u00e4ndigen Erf\u00fcllung aller Verbindlichkeiten<br \/>\naus diesem Vertragsverh\u00e4ltnis unser Eigentum.<br \/>\n9. Der Verk\u00e4ufer ist berechtigt, von dem Vertrag zur\u00fcckzutreten oder<br \/>\nSchadensersatz zu verlangen, wenn der K\u00e4ufer die Abnahme der Ware<br \/>\nendg\u00fcltig verweigert hat oder nach vorheriger nochmaliger<br \/>\nangemessener Fristsetzung die Ware nicht abgenommen hat. Der<br \/>\nVerk\u00e4ufer ist in diesem Falle berechtigt, Schadensersatz in H\u00f6he von<br \/>\n25% des Verkaufspreises zu verlangen. Der Nachweis eines geringeren<br \/>\nSchadens obliegt dem K\u00e4ufer. Einen h\u00f6heren Schaden hat der<br \/>\nVerk\u00e4ufer nachzuweisen.<br \/>\n10. Gerichtsstand ist der Sitz unserer Firma.<br \/>\n11. Sollte eine Bestimmung dieser Allgemeinen Verkaufs- und<br \/>\nLieferbedingungen nichtig sein oder werden, so bleiben die \u00fcbrigen<br \/>\nBestimmungen g\u00fcltig.<\/p>\n","protected":false},"excerpt":{"rendered":"<p>Allgemeine Gesch\u00e4ftsbedingungen Allgemeine Verkaufs- und Lieferbedingungen (AGB) der Firma BrennholzWelt-Franken 1. Unsere Lieferungen, Angebote, Auftragsbest\u00e4tigungen und sonstigen Leistungen erfolgen aufgrund dieser Gesch\u00e4ftsbedingungen. Eigene Bedingungen des K\u00e4ufers haben keine G\u00fcltigkeit, ebenso f\u00fcr alle zuk\u00fcnftigen Gesch\u00e4fte. 2. Der Verk\u00e4ufer ist dem K\u00e4ufer &hellip; <a href=\"https:\/\/brennholz-welt-franken.de\/?page_id=72\">Weiterlesen <span class=\"meta-nav\">&rarr;<\/span><\/a><\/p>\n","protected":false},"author":1,"featured_media":0,"parent":0,"menu_order":0,"comment_status":"closed","ping_status":"open","template":"","meta":{"footnotes":""},"class_list":["post-72","page","type-page","status-publish","hentry"],"_links":{"self":[{"href":"https:\/\/brennholz-welt-franken.de\/index.php?rest_route=\/wp\/v2\/pages\/72","targetHints":{"allow":["GET"]}}],"collection":[{"href":"https:\/\/brennholz-welt-franken.de\/index.php?rest_route=\/wp\/v2\/pages"}],"about":[{"href":"https:\/\/brennholz-welt-franken.de\/index.php?rest_route=\/wp\/v2\/types\/page"}],"author":[{"embeddable":true,"href":"https:\/\/brennholz-welt-franken.de\/index.php?rest_route=\/wp\/v2\/users\/1"}],"replies":[{"embeddable":true,"href":"https:\/\/brennholz-welt-franken.de\/index.php?rest_route=%2Fwp%2Fv2%2Fcomments&post=72"}],"version-history":[{"count":13,"href":"https:\/\/brennholz-welt-franken.de\/index.php?rest_route=\/wp\/v2\/pages\/72\/revisions"}],"predecessor-version":[{"id":487,"href":"https:\/\/brennholz-welt-franken.de\/index.php?rest_route=\/wp\/v2\/pages\/72\/revisions\/487"}],"wp:attachment":[{"href":"https:\/\/brennholz-welt-franken.de\/index.php?rest_route=%2Fwp%2Fv2%2Fmedia&parent=72"}],"curies":[{"name":"wp","href":"https:\/\/api.w.org\/{rel}","templated":true}]}}